{"id":1325,"date":"2025-06-10T22:10:12","date_gmt":"2025-06-10T22:10:12","guid":{"rendered":"https:\/\/ttp-pre.esnalliance.eu\/?page_id=1325"},"modified":"2025-11-14T16:53:01","modified_gmt":"2025-11-14T16:53:01","slug":"cookie-preferences","status":"publish","type":"page","link":"https:\/\/opportunityhub.eu\/pt\/cookie-preferences\/","title":{"rendered":"Prefer\u00eancias de cookies"},"content":{"rendered":"<p>Este s\u00edtio Web utiliza cookies para melhorar a sua experi\u00eancia de navega\u00e7\u00e3o. Ao continuar a navegar no nosso s\u00edtio Web, o utilizador concorda com a utiliza\u00e7\u00e3o de cookies pela ESNA, tal como descrito na presente Pol\u00edtica de Cookies.<\/p>\n<p>&nbsp;<\/p>\n<p><strong>O que s\u00e3o cookies?<\/strong><\/p>\n<p>Os cookies s\u00e3o pequenos ficheiros de texto que podem ser armazenados no seu computador atrav\u00e9s do navegador de internet, retendo apenas informa\u00e7\u00e3o relacionada com as suas prefer\u00eancias de navega\u00e7\u00e3o.<\/p>\n<p>Os cookies s\u00e3o utilizados para melhorar a efici\u00eancia do nosso s\u00edtio Web e fornecer-nos informa\u00e7\u00f5es. Recolhem informa\u00e7\u00f5es gerais, incluindo a forma como o utilizador encontra e utiliza o s\u00edtio Web, o tipo de dispositivo que utiliza e outros detalhes relevantes que permitem a disponibilidade e personaliza\u00e7\u00e3o adequadas de todos os componentes do s\u00edtio Web ou o preenchimento autom\u00e1tico de dados.<\/p>\n<p>&nbsp;<\/p>\n<p>Existem duas categorias principais de cookies:<\/p>\n<ul>\n<li><strong>Cookies pr\u00f3prios:<\/strong>\u00a0estes s\u00e3o utilizados diretamente por n\u00f3s no seu dispositivo.<\/li>\n<li><strong>Cookies de terceiros:<\/strong>\u00a0s\u00e3o utilizados por terceiros atrav\u00e9s do s\u00edtio Web da ESNA.<\/li>\n<\/ul>\n<p>&nbsp;<\/p>\n<p><strong>Como s\u00e3o utilizados os cookies?<\/strong><\/p>\n<p>Os visitantes deste s\u00edtio Web utilizam diferentes navegadores e dispositivos. Para otimizar a sua experi\u00eancia de navega\u00e7\u00e3o, \u00e9 automaticamente mantido um registo que recolhe informa\u00e7\u00f5es como o tipo de navegador (por exemplo, Internet Explorer, Google Chrome), o sistema operativo (por exemplo, Windows, Macintosh) e o nome de dom\u00ednio do seu fornecedor de servi\u00e7os Internet.<\/p>\n<p>&nbsp;<\/p>\n<p><strong>Como gerir as suas prefer\u00eancias de Cookies?<\/strong><\/p>\n<p>Todos os browsers permitem aos respectivos utilizadores aceitar, recusar ou apagar cookies, selecionando as defini\u00e7\u00f5es apropriadas no seu browser.<\/p>\n<p>Note-se, no entanto, que a desativa\u00e7\u00e3o dos cookies pode afetar parcial ou totalmente a sua experi\u00eancia de navega\u00e7\u00e3o no nosso s\u00edtio Web.<\/p>\n<p>Pode configurar os cookies no menu \u201cop\u00e7\u00f5es\u201d ou \u201cprefer\u00eancias\u201d do seu navegador.<\/p>\n<p>Para mais informa\u00e7\u00f5es sobre cookies e sobre como gerir a sua defini\u00e7\u00e3o em diferentes navegadores, visite\u00a0<a href=\"https:\/\/allaboutcookies.org\/\" target=\"_blank\" rel=\"noopener noreferrer\">www.allaboutcookies.org<\/a>.<\/p>\n<p>&nbsp;<\/p>\n<p><strong>Que tipos de cookies utilizamos e porqu\u00ea?<\/strong><\/p>\n<p>Utilizamos diferentes tipos de cookies, conforme descrito abaixo:<\/p>\n<ul>\n<li><strong>Cookies necess\u00e1rios:\u00a0<\/strong>estes cookies s\u00e3o essenciais para o funcionamento b\u00e1sico do nosso s\u00edtio Web. Permitem-lhe navegar no s\u00edtio e utilizar as suas funcionalidades, como o acesso a \u00e1reas seguras. Sem estes cookies, algumas partes do nosso s\u00edtio Web podem n\u00e3o funcionar corretamente.<\/li>\n<li><strong>Cookies de desempenho:<\/strong>\u00a0estes cookies ajudam-nos a compreender a forma como os visitantes utilizam o nosso s\u00edtio Web, recolhendo informa\u00e7\u00f5es an\u00f3nimas. Analisamos estes dados para medir e melhorar o desempenho do nosso s\u00edtio Web, garantindo que \u00e9 f\u00e1cil de utilizar e navegar.<\/li>\n<li><strong>Cookies de funcionalidade:<\/strong>\u00a0estes cookies permitem-nos fornecer uma melhor funcionalidade e personaliza\u00e7\u00e3o. Permitem-nos recordar as suas prefer\u00eancias, como o seu idioma ou regi\u00e3o, e proporcionar-lhe uma experi\u00eancia mais personalizada.<\/li>\n<li><strong>Cookies anal\u00edticos:<\/strong>\u00a0utilizamos estes cookies para recolher informa\u00e7\u00f5es sobre a forma como os visitantes interagem com o nosso s\u00edtio Web. Fornecem-nos informa\u00e7\u00f5es sobre o comportamento dos visitantes, tais como o n\u00famero de visitantes, as p\u00e1ginas mais populares e o tempo m\u00e9dio passado no s\u00edtio. Estas informa\u00e7\u00f5es ajudam-nos a melhorar o nosso conte\u00fado e a adapt\u00e1-lo aos interesses dos nossos visitantes.<\/li>\n<\/ul>\n<p>A lista abaixo explica os cookies utilizados no s\u00edtio Web da ESNA e as suas finalidades:<\/p>\n<p><strong>Cookies que foram definidos no passado<\/strong><\/p>\n<p>Se tiver desativado um ou mais cookies no passado, poderemos continuar a utilizar as informa\u00e7\u00f5es recolhidas antes de definir a prefer\u00eancia desactivada; no entanto, deixaremos de utilizar o cookie desativado para recolher mais informa\u00e7\u00f5es.<\/p>\n<p>&nbsp;<\/p>\n<p><strong>Como gerir os cookies em diferentes navegadores?<\/strong><\/p>\n<p>Os utilizadores podem permitir, bloquear ou eliminar os cookies instalados no seu dispositivo, configurando as op\u00e7\u00f5es do browser instalado. Leia atentamente a sec\u00e7\u00e3o de ajuda do seu browser para saber mais sobre como ativar o \u201cmodo privado\u201d ou desbloquear determinados cookies.<\/p>\n<p>&nbsp;<\/p>\n<p><strong>Localiza\u00e7\u00e3o desta op\u00e7\u00e3o nos browsers mais comuns:<\/strong><\/p>\n<p><strong>Google Chrome<\/strong><\/p>\n<p>Por defeito, todos os cookies s\u00e3o permitidos, mas pode ajustar esta defini\u00e7\u00e3o.<\/p>\n<p>Siga estes passos:<\/p>\n<ul>\n<li>Clique no menu do Chrome na barra de ferramentas do navegador;<\/li>\n<li>Defini\u00e7\u00f5es;<\/li>\n<li>Mostrar defini\u00e7\u00f5es avan\u00e7adas;<\/li>\n<li>Na sec\u00e7\u00e3o \u201cPrivacidade\u201d, clique em defini\u00e7\u00f5es de conte\u00fado;<\/li>\n<li>Selecione \u201cImpedir que os s\u00edtios definam quaisquer dados\u201d.<\/li>\n<\/ul>\n<p>Para alterar as defini\u00e7\u00f5es de cookies, siga estes passos:<\/p>\n<ul>\n<li>Eliminar cookies;<\/li>\n<li>Bloquear cookies por defeito;<\/li>\n<li>Permitir cookies por defeito;<\/li>\n<li>Manter cookies e dados do s\u00edtio por predefini\u00e7\u00e3o at\u00e9 sair do browser;<\/li>\n<li>Criar excep\u00e7\u00f5es para cookies de s\u00edtios Web e\/ou dom\u00ednios espec\u00edficos.<\/li>\n<\/ul>\n<p><strong>Microsoft Edge<\/strong><\/p>\n<ul>\n<li>Abra o Microsoft Edge e selecione \u201cDefini\u00e7\u00f5es e mais\u201d;<\/li>\n<li>Defini\u00e7\u00f5es;<\/li>\n<li>Privacidade e servi\u00e7os;<\/li>\n<li>Limpar dados de navega\u00e7\u00e3o;<\/li>\n<li>Selecione \u201cEscolher o que limpar\u201d;<\/li>\n<li>Selecionar \u201cCookies e outros dados do s\u00edtio\u201d;<\/li>\n<li>Selecionar \u201cLimpar agora\u201d.<\/li>\n<\/ul>\n<p><strong>Mozilla Firefox<\/strong><\/p>\n<ul>\n<li>Selecione a sec\u00e7\u00e3o \u201cFerramentas\u201d;<\/li>\n<li>Selecionar \u201cOp\u00e7\u00f5es\u201d;<\/li>\n<li>\u201cPrivacidade\u201d localizado no painel superior;<\/li>\n<li>Na sec\u00e7\u00e3o \u201cCookies\u201d, desativar a op\u00e7\u00e3o \u201cAceitar cookies de sites\u201d. Clique em \u201cOK\u201d para guardar as altera\u00e7\u00f5es e fechar.<\/li>\n<\/ul>\n<p><strong>Safari<\/strong><\/p>\n<ul>\n<li>Selecione \u201cEditar\u201d;<\/li>\n<li>Clique em \u201cPrefer\u00eancias\u201d;<\/li>\n<li>No painel superior, selecione o \u00edcone \u201cPrivacidade\u201d;<\/li>\n<li>Na sec\u00e7\u00e3o \u201cAceitar cookies\u201d, selecione \u201cNunca\u201d.<\/li>\n<\/ul>\n<p>&nbsp;<\/p>\n<p><strong>Consentimento<\/strong><\/p>\n<p>Ao aceitar a utiliza\u00e7\u00e3o de cookies, entendemos que concorda com a sua utiliza\u00e7\u00e3o para os fins indicados e em conformidade com as condi\u00e7\u00f5es descritas nesta p\u00e1gina.<\/p>\n<p>Se, em qualquer altura, pretender retirar o seu consentimento \u00e0 nossa Pol\u00edtica de Cookies, dever\u00e1 apagar os cookies armazenados ajustando as op\u00e7\u00f5es correspondentes no menu \u201cFerramentas\u201d do seu browser.<\/p>\n<p>&nbsp;<\/p>\n<p><strong>Altera\u00e7\u00f5es \u00e0 nossa pol\u00edtica de cookies<\/strong><\/p>\n<p>A ESNA reserva-se o direito de alterar, acrescentar, atualizar ou eliminar, no todo ou em parte, a presente Pol\u00edtica de Cookies em qualquer altura.<\/p>\n<p>Quaisquer actualiza\u00e7\u00f5es ou modifica\u00e7\u00f5es entrar\u00e3o em vigor imediatamente ap\u00f3s a publica\u00e7\u00e3o da Pol\u00edtica revista no nosso s\u00edtio Web, sem aviso pr\u00e9vio.<\/p>\n<p>&nbsp;<\/p>\n<p><strong>Contactar-nos<\/strong><\/p>\n<p>Se tiver quaisquer quest\u00f5es ou preocupa\u00e7\u00f5es sobre a nossa utiliza\u00e7\u00e3o de cookies, por favor\u00a0<a href=\"https:\/\/www.esnalliance.eu\/contacts\" target=\"_blank\" rel=\"noopener noreferrer\">contactar-nos<\/a>\u00a0atrav\u00e9s dos canais previstos para o efeito.<\/p>","protected":false},"excerpt":{"rendered":"<p>This website uses cookies to enhance your browsing experience. By continuing to browse our website, you agree to ESNA\u2019s use [&hellip;]<\/p>\n","protected":false},"author":1,"featured_media":0,"parent":0,"menu_order":0,"comment_status":"closed","ping_status":"closed","template":"legal-page.php","meta":{"_acf_changed":false,"site-sidebar-layout":"default","site-content-layout":"","ast-site-content-layout":"default","site-content-style":"default","site-sidebar-style":"default","ast-global-header-display":"","ast-banner-title-visibility":"","ast-main-header-display":"","ast-hfb-above-header-display":"","ast-hfb-below-header-display":"","ast-hfb-mobile-header-display":"","site-post-title":"","ast-breadcrumbs-content":"","ast-featured-img":"","footer-sml-layout":"","ast-disable-related-posts":"","theme-transparent-header-meta":"default","adv-header-id-meta":"","stick-header-meta":"","header-above-stick-meta":"","header-main-stick-meta":"","header-below-stick-meta":"","astra-migrate-meta-layouts":"set","ast-page-background-enabled":"default","ast-page-background-meta":{"desktop":{"background-color":"var(--ast-global-color-5)","background-image":"","background-repeat":"repeat","background-position":"center center","background-size":"auto","background-attachment":"scroll","background-type":"","background-media":"","overlay-type":"","overlay-color":"","overlay-opacity":"","overlay-gradient":""},"tablet":{"background-color":"","background-image":"","background-repeat":"repeat","background-position":"center center","background-size":"auto","background-attachment":"scroll","background-type":"","background-media":"","overlay-type":"","overlay-color":"","overlay-opacity":"","overlay-gradient":""},"mobile":{"background-color":"","background-image":"","background-repeat":"repeat","background-position":"center center","background-size":"auto","background-attachment":"scroll","background-type":"","background-media":"","overlay-type":"","overlay-color":"","overlay-opacity":"","overlay-gradient":""}},"ast-content-background-meta":{"desktop":{"background-color":"var(--ast-global-color-4)","background-image":"","background-repeat":"repeat","background-position":"center center","background-size":"auto","background-attachment":"scroll","background-type":"","background-media":"","overlay-type":"","overlay-color":"","overlay-opacity":"","overlay-gradient":""},"tablet":{"background-color":"var(--ast-global-color-4)","background-image":"","background-repeat":"repeat","background-position":"center center","background-size":"auto","background-attachment":"scroll","background-type":"","background-media":"","overlay-type":"","overlay-color":"","overlay-opacity":"","overlay-gradient":""},"mobile":{"background-color":"var(--ast-global-color-4)","background-image":"","background-repeat":"repeat","background-position":"center center","background-size":"auto","background-attachment":"scroll","background-type":"","background-media":"","overlay-type":"","overlay-color":"","overlay-opacity":"","overlay-gradient":""}},"footnotes":""},"class_list":["post-1325","page","type-page","status-publish","hentry"],"pp_statuses_selecting_workflow":false,"pp_workflow_action":"current","pp_status_selection":"publish","acf":[],"yoast_head":"<!-- This site is optimized with the Yoast SEO plugin v27.3 - https:\/\/yoast.com\/product\/yoast-seo-wordpress\/ -->\n<title>Cookie Preferences - EU Opportunity Hub<\/title>\n<meta name=\"robots\" content=\"index, follow, max-snippet:-1, max-image-preview:large, max-video-preview:-1\" \/>\n<link rel=\"canonical\" href=\"https:\/\/opportunityhub.eu\/pt\/cookie-preferences\/\" \/>\n<meta property=\"og:locale\" content=\"pt_PT\" \/>\n<meta property=\"og:type\" content=\"article\" \/>\n<meta property=\"og:title\" content=\"Cookie Preferences - EU Opportunity Hub\" \/>\n<meta property=\"og:description\" content=\"This website uses cookies to enhance your browsing experience. By continuing to browse our website, you agree to ESNA\u2019s use [&hellip;]\" \/>\n<meta property=\"og:url\" content=\"https:\/\/opportunityhub.eu\/pt\/cookie-preferences\/\" \/>\n<meta property=\"og:site_name\" content=\"EU Opportunity Hub\" \/>\n<meta property=\"article:modified_time\" content=\"2025-11-14T16:53:01+00:00\" \/>\n<meta name=\"twitter:card\" content=\"summary_large_image\" \/>\n<script type=\"application\/ld+json\" class=\"yoast-schema-graph\">{\"@context\":\"https:\\\/\\\/schema.org\",\"@graph\":[{\"@type\":\"WebPage\",\"@id\":\"https:\\\/\\\/opportunityhub.eu\\\/pt\\\/cookie-preferences\\\/\",\"url\":\"https:\\\/\\\/opportunityhub.eu\\\/pt\\\/cookie-preferences\\\/\",\"name\":\"Cookie Preferences - EU Opportunity Hub\",\"isPartOf\":{\"@id\":\"https:\\\/\\\/opportunityhub.eu\\\/pt\\\/#website\"},\"datePublished\":\"2025-06-10T22:10:12+00:00\",\"dateModified\":\"2025-11-14T16:53:01+00:00\",\"breadcrumb\":{\"@id\":\"https:\\\/\\\/opportunityhub.eu\\\/pt\\\/cookie-preferences\\\/#breadcrumb\"},\"inLanguage\":\"pt-PT\",\"potentialAction\":[{\"@type\":\"ReadAction\",\"target\":[\"https:\\\/\\\/opportunityhub.eu\\\/pt\\\/cookie-preferences\\\/\"]}]},{\"@type\":\"BreadcrumbList\",\"@id\":\"https:\\\/\\\/opportunityhub.eu\\\/pt\\\/cookie-preferences\\\/#breadcrumb\",\"itemListElement\":[{\"@type\":\"ListItem\",\"position\":1,\"name\":\"Home\",\"item\":\"https:\\\/\\\/opportunityhub.eu\\\/\"},{\"@type\":\"ListItem\",\"position\":2,\"name\":\"Cookie Preferences\"}]},{\"@type\":\"WebSite\",\"@id\":\"https:\\\/\\\/opportunityhub.eu\\\/pt\\\/#website\",\"url\":\"https:\\\/\\\/opportunityhub.eu\\\/pt\\\/\",\"name\":\"EU Opportunity Hub\",\"description\":\"\",\"publisher\":{\"@id\":\"https:\\\/\\\/opportunityhub.eu\\\/pt\\\/#organization\"},\"potentialAction\":[{\"@type\":\"SearchAction\",\"target\":{\"@type\":\"EntryPoint\",\"urlTemplate\":\"https:\\\/\\\/opportunityhub.eu\\\/pt\\\/?s={search_term_string}\"},\"query-input\":{\"@type\":\"PropertyValueSpecification\",\"valueRequired\":true,\"valueName\":\"search_term_string\"}}],\"inLanguage\":\"pt-PT\"},{\"@type\":\"Organization\",\"@id\":\"https:\\\/\\\/opportunityhub.eu\\\/pt\\\/#organization\",\"name\":\"EU Opportunity Hub\",\"url\":\"https:\\\/\\\/opportunityhub.eu\\\/pt\\\/\",\"logo\":{\"@type\":\"ImageObject\",\"inLanguage\":\"pt-PT\",\"@id\":\"https:\\\/\\\/opportunityhub.eu\\\/pt\\\/#\\\/schema\\\/logo\\\/image\\\/\",\"url\":\"\\\/wp-content\\\/uploads\\\/2025\\\/09\\\/cropped-OPPORTUNITY-EU-1-1.png\",\"contentUrl\":\"\\\/wp-content\\\/uploads\\\/2025\\\/09\\\/cropped-OPPORTUNITY-EU-1-1.png\",\"width\":1563,\"height\":520,\"caption\":\"EU Opportunity Hub\"},\"image\":{\"@id\":\"https:\\\/\\\/opportunityhub.eu\\\/pt\\\/#\\\/schema\\\/logo\\\/image\\\/\"}}]}<\/script>\n<!-- \/ Yoast SEO plugin. -->","yoast_head_json":{"title":"Prefer\u00eancias de Cookies - EU Opportunity Hub","robots":{"index":"index","follow":"follow","max-snippet":"max-snippet:-1","max-image-preview":"max-image-preview:large","max-video-preview":"max-video-preview:-1"},"canonical":"https:\/\/opportunityhub.eu\/pt\/cookie-preferences\/","og_locale":"pt_PT","og_type":"article","og_title":"Cookie Preferences - EU Opportunity Hub","og_description":"This website uses cookies to enhance your browsing experience. By continuing to browse our website, you agree to ESNA\u2019s use [&hellip;]","og_url":"https:\/\/opportunityhub.eu\/pt\/cookie-preferences\/","og_site_name":"EU Opportunity Hub","article_modified_time":"2025-11-14T16:53:01+00:00","twitter_card":"summary_large_image","schema":{"@context":"https:\/\/schema.org","@graph":[{"@type":"WebPage","@id":"https:\/\/opportunityhub.eu\/pt\/cookie-preferences\/","url":"https:\/\/opportunityhub.eu\/pt\/cookie-preferences\/","name":"Prefer\u00eancias de Cookies - EU Opportunity Hub","isPartOf":{"@id":"https:\/\/opportunityhub.eu\/pt\/#website"},"datePublished":"2025-06-10T22:10:12+00:00","dateModified":"2025-11-14T16:53:01+00:00","breadcrumb":{"@id":"https:\/\/opportunityhub.eu\/pt\/cookie-preferences\/#breadcrumb"},"inLanguage":"pt-PT","potentialAction":[{"@type":"ReadAction","target":["https:\/\/opportunityhub.eu\/pt\/cookie-preferences\/"]}]},{"@type":"BreadcrumbList","@id":"https:\/\/opportunityhub.eu\/pt\/cookie-preferences\/#breadcrumb","itemListElement":[{"@type":"ListItem","position":1,"name":"Home","item":"https:\/\/opportunityhub.eu\/"},{"@type":"ListItem","position":2,"name":"Cookie Preferences"}]},{"@type":"WebSite","@id":"https:\/\/opportunityhub.eu\/pt\/#website","url":"https:\/\/opportunityhub.eu\/pt\/","name":"Centro de Oportunidades da UE","description":"","publisher":{"@id":"https:\/\/opportunityhub.eu\/pt\/#organization"},"potentialAction":[{"@type":"SearchAction","target":{"@type":"EntryPoint","urlTemplate":"https:\/\/opportunityhub.eu\/pt\/?s={search_term_string}"},"query-input":{"@type":"PropertyValueSpecification","valueRequired":true,"valueName":"search_term_string"}}],"inLanguage":"pt-PT"},{"@type":"Organization","@id":"https:\/\/opportunityhub.eu\/pt\/#organization","name":"Centro de Oportunidades da UE","url":"https:\/\/opportunityhub.eu\/pt\/","logo":{"@type":"ImageObject","inLanguage":"pt-PT","@id":"https:\/\/opportunityhub.eu\/pt\/#\/schema\/logo\/image\/","url":"\/wp-content\/uploads\/2025\/09\/cropped-OPPORTUNITY-EU-1-1.png","contentUrl":"\/wp-content\/uploads\/2025\/09\/cropped-OPPORTUNITY-EU-1-1.png","width":1563,"height":520,"caption":"EU Opportunity Hub"},"image":{"@id":"https:\/\/opportunityhub.eu\/pt\/#\/schema\/logo\/image\/"}}]}},"_links":{"self":[{"href":"https:\/\/opportunityhub.eu\/pt\/wp-json\/wp\/v2\/pages\/1325","targetHints":{"allow":["GET"]}}],"collection":[{"href":"https:\/\/opportunityhub.eu\/pt\/wp-json\/wp\/v2\/pages"}],"about":[{"href":"https:\/\/opportunityhub.eu\/pt\/wp-json\/wp\/v2\/types\/page"}],"author":[{"embeddable":true,"href":"https:\/\/opportunityhub.eu\/pt\/wp-json\/wp\/v2\/users\/1"}],"replies":[{"embeddable":true,"href":"https:\/\/opportunityhub.eu\/pt\/wp-json\/wp\/v2\/comments?post=1325"}],"version-history":[{"count":3,"href":"https:\/\/opportunityhub.eu\/pt\/wp-json\/wp\/v2\/pages\/1325\/revisions"}],"predecessor-version":[{"id":6295,"href":"https:\/\/opportunityhub.eu\/pt\/wp-json\/wp\/v2\/pages\/1325\/revisions\/6295"}],"wp:attachment":[{"href":"https:\/\/opportunityhub.eu\/pt\/wp-json\/wp\/v2\/media?parent=1325"}],"curies":[{"name":"wp","href":"https:\/\/api.w.org\/{rel}","templated":true}]}}